{"id":7888,"date":"2024-03-13T06:08:38","date_gmt":"2024-03-13T05:08:38","guid":{"rendered":"https:\/\/www.hotel-espace.com\/?page_id=7888"},"modified":"2026-04-23T02:30:53","modified_gmt":"2026-04-23T00:30:53","slug":"summer-family-stays","status":"publish","type":"page","link":"https:\/\/www.hotel-espace.com\/en\/sejours-famille-ete\/","title":{"rendered":"Summer family stays"},"content":{"rendered":"<div data-elementor-type=\"wp-page\" data-elementor-id=\"7888\" class=\"elementor elementor-7888\" data-elementor-post-type=\"page\">\n\t\t\t\t\t\t<section class=\"elementor-section elementor-top-section elementor-element elementor-element-4c50337c elementor-section-stretched elementor-section-boxed elementor-section-height-default elementor-section-height-default\" data-id=\"4c50337c\" data-element_type=\"section\" data-e-type=\"section\" data-settings=\"{&quot;stretch_section&quot;:&quot;section-stretched&quot;,&quot;background_background&quot;:&quot;classic&quot;,&quot;hoteller_ext_is_background_parallax&quot;:&quot;false&quot;,&quot;hoteller_ext_is_background_backdrop&quot;:&quot;false&quot;,&quot;hoteller_ext_is_background_on_scroll&quot;:&quot;false&quot;}\">\n\t\t\t\t\t\t\t<div class=\"elementor-background-overlay\"><\/div>\n\t\t\t\t\t\t\t<div class=\"elementor-container elementor-column-gap-default\">\n\t\t\t\t\t<div class=\"elementor-column elementor-col-100 elementor-top-column elementor-element elementor-element-257bdd92\" data-id=\"257bdd92\" data-element_type=\"column\" data-e-type=\"column\" data-settings=\"{&quot;hoteller_ext_link_sidemenu&quot;:&quot;false&quot;,&quot;hoteller_ext_link_fullmenu&quot;:&quot;false&quot;,&quot;hoteller_ext_link_closed_fullmenu&quot;:&quot;false&quot;,&quot;hoteller_ext_is_scrollme&quot;:&quot;false&quot;,&quot;hoteller_ext_is_smoove&quot;:&quot;false&quot;,&quot;hoteller_ext_is_parallax_mouse&quot;:&quot;false&quot;,&quot;hoteller_ext_is_infinite&quot;:&quot;false&quot;,&quot;hoteller_ext_is_fadeout_animation&quot;:&quot;false&quot;,&quot;hoteller_ext_mobile_static&quot;:&quot;false&quot;}\">\n\t\t\t<div class=\"elementor-widget-wrap elementor-element-populated\">\n\t\t\t\t\t\t<div class=\"elementor-element elementor-element-1c23ed96 elementor-widget__width-inherit elementor-widget elementor-widget-hoteller-animated-text\" data-id=\"1c23ed96\" data-element_type=\"widget\" data-e-type=\"widget\" data-settings=\"{&quot;hoteller_ext_link_sidemenu&quot;:&quot;false&quot;,&quot;hoteller_ext_link_fullmenu&quot;:&quot;false&quot;,&quot;hoteller_ext_link_closed_fullmenu&quot;:&quot;false&quot;,&quot;hoteller_ext_is_scrollme&quot;:&quot;false&quot;,&quot;hoteller_ext_is_smoove&quot;:&quot;false&quot;,&quot;hoteller_ext_is_parallax_mouse&quot;:&quot;false&quot;,&quot;hoteller_ext_is_infinite&quot;:&quot;false&quot;,&quot;hoteller_ext_is_fadeout_animation&quot;:&quot;false&quot;,&quot;hoteller_ext_mobile_static&quot;:&quot;false&quot;}\" data-widget_type=\"hoteller-animated-text.default\">\n\t\t\t\t<div class=\"elementor-widget-container\">\n\t\t\t\t\t<div class=\"themegoods-animated-text text-alignment-left transition-right overflow-visible\" data-delimiter=\"word\" data-transition=\"50\" data-transition-delay=\"0\" data-transition-duration=\"800\">\n\t\t<h1>\n\t\tFamily stays\t<\/h1>\n\t<\/div>\t\t\t\t<\/div>\n\t\t\t\t<\/div>\n\t\t\t\t<div class=\"elementor-element elementor-element-73eaa855 elementor-widget__width-inherit elementor-widget elementor-widget-hoteller-animated-text\" data-id=\"73eaa855\" data-element_type=\"widget\" data-e-type=\"widget\" data-settings=\"{&quot;hoteller_ext_link_sidemenu&quot;:&quot;false&quot;,&quot;hoteller_ext_link_fullmenu&quot;:&quot;false&quot;,&quot;hoteller_ext_link_closed_fullmenu&quot;:&quot;false&quot;,&quot;hoteller_ext_is_scrollme&quot;:&quot;false&quot;,&quot;hoteller_ext_is_smoove&quot;:&quot;false&quot;,&quot;hoteller_ext_is_parallax_mouse&quot;:&quot;false&quot;,&quot;hoteller_ext_is_infinite&quot;:&quot;false&quot;,&quot;hoteller_ext_is_fadeout_animation&quot;:&quot;false&quot;,&quot;hoteller_ext_mobile_static&quot;:&quot;false&quot;}\" data-widget_type=\"hoteller-animated-text.default\">\n\t\t\t\t<div class=\"elementor-widget-container\">\n\t\t\t\t\t<div class=\"themegoods-animated-text text-alignment-left transition-right overflow-visible\" data-delimiter=\"word\" data-transition=\"50\" data-transition-delay=\"200\" data-transition-duration=\"800\">\n\t\t<h1>\n\t\tIn summer\t<\/h1>\n\t<\/div>\t\t\t\t<\/div>\n\t\t\t\t<\/div>\n\t\t\t\t\t<\/div>\n\t\t<\/div>\n\t\t\t\t\t<\/div>\n\t\t<\/section>\n\t\t\t\t<section class=\"elementor-section elementor-top-section elementor-element elementor-element-77e4524 elementor-section-full_width elementor-section-stretched elementor-section-height-default elementor-section-height-default\" data-id=\"77e4524\" data-element_type=\"section\" data-e-type=\"section\" id=\"verticalpost\" data-settings=\"{&quot;stretch_section&quot;:&quot;section-stretched&quot;,&quot;hoteller_ext_is_background_parallax&quot;:&quot;false&quot;,&quot;hoteller_ext_is_background_backdrop&quot;:&quot;false&quot;,&quot;hoteller_ext_is_background_on_scroll&quot;:&quot;false&quot;}\">\n\t\t\t\t\t\t<div class=\"elementor-container elementor-column-gap-default\">\n\t\t\t\t\t<div class=\"elementor-column elementor-col-100 elementor-top-column elementor-element elementor-element-ba28bb9\" data-id=\"ba28bb9\" data-element_type=\"column\" data-e-type=\"column\" data-settings=\"{&quot;hoteller_ext_link_sidemenu&quot;:&quot;false&quot;,&quot;hoteller_ext_link_fullmenu&quot;:&quot;false&quot;,&quot;hoteller_ext_link_closed_fullmenu&quot;:&quot;false&quot;,&quot;hoteller_ext_is_scrollme&quot;:&quot;false&quot;,&quot;hoteller_ext_is_smoove&quot;:&quot;false&quot;,&quot;hoteller_ext_is_parallax_mouse&quot;:&quot;false&quot;,&quot;hoteller_ext_is_infinite&quot;:&quot;false&quot;,&quot;hoteller_ext_is_fadeout_animation&quot;:&quot;false&quot;,&quot;hoteller_ext_mobile_static&quot;:&quot;false&quot;}\">\n\t\t\t<div class=\"elementor-widget-wrap elementor-element-populated\">\n\t\t\t\t\t\t<div class=\"elementor-element elementor-element-08a9467 elementor-widget elementor-widget-hoteller-blog-posts\" data-id=\"08a9467\" data-element_type=\"widget\" data-e-type=\"widget\" data-settings=\"{&quot;hoteller_ext_link_sidemenu&quot;:&quot;false&quot;,&quot;hoteller_ext_link_fullmenu&quot;:&quot;false&quot;,&quot;hoteller_ext_link_closed_fullmenu&quot;:&quot;false&quot;,&quot;hoteller_ext_is_scrollme&quot;:&quot;false&quot;,&quot;hoteller_ext_is_smoove&quot;:&quot;false&quot;,&quot;hoteller_ext_is_parallax_mouse&quot;:&quot;false&quot;,&quot;hoteller_ext_is_infinite&quot;:&quot;false&quot;,&quot;hoteller_ext_is_fadeout_animation&quot;:&quot;false&quot;,&quot;hoteller_ext_mobile_static&quot;:&quot;false&quot;}\" data-widget_type=\"hoteller-blog-posts.default\">\n\t\t\t\t<div class=\"elementor-widget-container\">\n\t\t\t\t\t<div class=\"blog_post_content_wrapper layout_grid_no_space\">\n\n<!-- Begin each blog post -->\n<div class=\"blog-posts-grid_no_space blog-tilt post-8747 post type-post status-publish format-standard has-post-thumbnail hentry category-ete category-sejours-famille\" style=\"background-image:url(https:\/\/www.hotel-espace.com\/wp-content\/uploads\/2025\/04\/chambre-ch20231220_180826-edit-610x610.jpg);\">\n\t\n\t<div class=\"bg_overlay\"><\/div>\n\n\t<div class=\"post_wrapper\">\n\t\t\n\t\t<div class=\"post_content_wrapper text_\">\n\t\t    \n\t\t    <div class=\"post_header\">\n\t\t\t    \t\t\t    <div class=\"post_detail single_post\">\n\t\t\t    \t<span class=\"post_info_cat\">\n\t\t\t\t\t\t\t\t\t\t\t\t      \t<a href=\"https:\/\/www.hotel-espace.com\/en\/category\/sejours-famille\/ete\/\">Summer<\/a>\n\t\t\t\t\t\t&nbsp;.&nbsp;\t\t\t\t\t\t      \t<a href=\"https:\/\/www.hotel-espace.com\/en\/category\/sejours-famille\/\">Family stays<\/a>\n\t\t\t\t\t\t\t\t\t    \t<\/span>\n\t\t\t \t<\/div>\n\t\t\t \t\t\t\t\t<div class=\"post_header_title\">\n\t\t\t\t    <h5><a href=\"https:\/\/www.hotel-espace.com\/en\/courts-sejours-de-mai\/\" title=\"Short breaks in May\">Short breaks in May<\/a><\/h5>\n\t\t\t\t<\/div>\n\t\t\t\t\n\t\t\t\t<div class=\"post_header_wrapper\">\n\t\t\t\t<p>Nature and relaxation getaways in the mountains 3 days \/ 2 nights or 4 days \/ 3 nights in...<\/p>\t\t\t    \t\t\t<\/div>\n\t\t\t<\/div>\n\t    <\/div>\n\t    \n\t<\/div>\n\n<\/div>\n\n<!-- End each blog post -->\n<!-- Begin each blog post -->\n<div class=\"blog-posts-grid_no_space blog-tilt post-8318 post type-post status-publish format-standard has-post-thumbnail hentry category-ete category-sejours-famille\" style=\"background-image:url(https:\/\/www.hotel-espace.com\/wp-content\/uploads\/2025\/04\/23211660-diaporama-610x600.jpg);\">\n\t\n\t<div class=\"bg_overlay\"><\/div>\n\n\t<div class=\"post_wrapper\">\n\t\t\n\t\t<div class=\"post_content_wrapper text_\">\n\t\t    \n\t\t    <div class=\"post_header\">\n\t\t\t    \t\t\t    <div class=\"post_detail single_post\">\n\t\t\t    \t<span class=\"post_info_cat\">\n\t\t\t\t\t\t\t\t\t\t\t\t      \t<a href=\"https:\/\/www.hotel-espace.com\/en\/category\/sejours-famille\/ete\/\">Summer<\/a>\n\t\t\t\t\t\t&nbsp;.&nbsp;\t\t\t\t\t\t      \t<a href=\"https:\/\/www.hotel-espace.com\/en\/category\/sejours-famille\/\">Family stays<\/a>\n\t\t\t\t\t\t\t\t\t    \t<\/span>\n\t\t\t \t<\/div>\n\t\t\t \t\t\t\t\t<div class=\"post_header_title\">\n\t\t\t\t    <h5><a href=\"https:\/\/www.hotel-espace.com\/en\/sejours-famille-ete-2026\/\" title=\"Summer family break in Montclar\">Summer family break in Montclar<\/a><\/h5>\n\t\t\t\t<\/div>\n\t\t\t\t\n\t\t\t\t<div class=\"post_header_wrapper\">\n\t\t\t\t<p>An all-inclusive family summer in the mountains 8 days \/ 7 nights half-board with activities...<\/p>\t\t\t    \t\t\t<\/div>\n\t\t\t<\/div>\n\t    <\/div>\n\t    \n\t<\/div>\n\n<\/div>\n\n<!-- End each blog post --><\/div>\n<br class=\"clear\"\/>\t\t\t\t<\/div>\n\t\t\t\t<\/div>\n\t\t\t\t\t<\/div>\n\t\t<\/div>\n\t\t\t\t\t<\/div>\n\t\t<\/section>\n\t\t\t\t<\/div>","protected":false},"excerpt":{"rendered":"<p>S\u00e9jours famille En \u00e9t\u00e9 Ete &nbsp;.&nbsp; S\u00e9jours famille S\u00e9jour famille \u00e9t\u00e9 \u00e0 Montclar Semaine famille avec activit\u00e9s La formule id\u00e9ale pour des vacances en famille compl\u00e8tes et sans&#8230; Ete &nbsp;.&nbsp; S\u00e9jours famille Week-end de mai R\u00e9server ce s\u00e9jour au meilleur [&hellip;]<\/p>\n","protected":false},"author":4,"featured_media":7075,"parent":0,"menu_order":0,"comment_status":"closed","ping_status":"closed","template":"","meta":{"footnotes":""},"class_list":["post-7888","page","type-page","status-publish","has-post-thumbnail","hentry"],"yoast_head":"<!-- This site is optimized with the Yoast SEO plugin v27.5 - https:\/\/yoast.com\/product\/yoast-seo-wordpress\/ -->\n<title>S\u00e9jours famille \u00e9t\u00e9 | Hotel Espace | H\u00f4tel \u00e0 Montclar<\/title>\n<meta name=\"description\" content=\"S\u00e9jour en famille \u00e0 Montclar, h\u00f4tel Espace au pied des pistes de Montclar les 2 vall\u00e9es, chambres r\u00e9nov\u00e9es, restaurant wellness spa\" \/>\n<meta name=\"robots\" content=\"index, follow, max-snippet:-1, max-image-preview:large, max-video-preview:-1\" \/>\n<link rel=\"canonical\" href=\"https:\/\/www.hotel-espace.com\/en\/summer-family-stays\/\" \/>\n<meta property=\"og:locale\" content=\"en_GB\" \/>\n<meta property=\"og:type\" content=\"article\" \/>\n<meta property=\"og:title\" content=\"S\u00e9jours famille \u00e9t\u00e9 | Hotel Espace | H\u00f4tel \u00e0 Montclar\" \/>\n<meta property=\"og:description\" content=\"S\u00e9jour en famille \u00e0 Montclar, h\u00f4tel Espace au pied des pistes de Montclar les 2 vall\u00e9es, chambres r\u00e9nov\u00e9es, restaurant wellness spa\" \/>\n<meta property=\"og:url\" content=\"https:\/\/www.hotel-espace.com\/en\/summer-family-stays\/\" \/>\n<meta property=\"og:site_name\" content=\"Hotel Espace | H\u00f4tel \u00e0 Montclar\" \/>\n<meta property=\"article:publisher\" content=\"https:\/\/www.facebook.com\/relaismanderen\" \/>\n<meta property=\"article:modified_time\" content=\"2026-04-23T00:30:53+00:00\" \/>\n<meta property=\"og:image\" content=\"https:\/\/www.hotel-espace.com\/wp-content\/uploads\/2023\/11\/1-montclar-2-scaled.jpg\" \/>\n\t<meta property=\"og:image:width\" content=\"2560\" \/>\n\t<meta property=\"og:image:height\" content=\"1707\" \/>\n\t<meta property=\"og:image:type\" content=\"image\/jpeg\" \/>\n<script type=\"application\/ld+json\" class=\"yoast-schema-graph\">{\"@context\":\"https:\\\/\\\/schema.org\",\"@graph\":[{\"@type\":\"WebPage\",\"@id\":\"https:\\\/\\\/www.hotel-espace.com\\\/sejours-famille-ete\\\/\",\"url\":\"https:\\\/\\\/www.hotel-espace.com\\\/sejours-famille-ete\\\/\",\"name\":\"S\u00e9jours famille \u00e9t\u00e9 | Hotel Espace | H\u00f4tel \u00e0 Montclar\",\"isPartOf\":{\"@id\":\"https:\\\/\\\/www.hotel-espace.com\\\/#website\"},\"primaryImageOfPage\":{\"@id\":\"https:\\\/\\\/www.hotel-espace.com\\\/sejours-famille-ete\\\/#primaryimage\"},\"image\":{\"@id\":\"https:\\\/\\\/www.hotel-espace.com\\\/sejours-famille-ete\\\/#primaryimage\"},\"thumbnailUrl\":\"https:\\\/\\\/www.hotel-espace.com\\\/wp-content\\\/uploads\\\/2023\\\/11\\\/1-montclar-2-scaled.jpg\",\"datePublished\":\"2024-03-13T05:08:38+00:00\",\"dateModified\":\"2026-04-23T00:30:53+00:00\",\"description\":\"S\u00e9jour en famille \u00e0 Montclar, h\u00f4tel Espace au pied des pistes de Montclar les 2 vall\u00e9es, chambres r\u00e9nov\u00e9es, restaurant wellness spa\",\"breadcrumb\":{\"@id\":\"https:\\\/\\\/www.hotel-espace.com\\\/sejours-famille-ete\\\/#breadcrumb\"},\"inLanguage\":\"en-GB\",\"potentialAction\":[{\"@type\":\"ReadAction\",\"target\":[\"https:\\\/\\\/www.hotel-espace.com\\\/sejours-famille-ete\\\/\"]}]},{\"@type\":\"ImageObject\",\"inLanguage\":\"en-GB\",\"@id\":\"https:\\\/\\\/www.hotel-espace.com\\\/sejours-famille-ete\\\/#primaryimage\",\"url\":\"https:\\\/\\\/www.hotel-espace.com\\\/wp-content\\\/uploads\\\/2023\\\/11\\\/1-montclar-2-scaled.jpg\",\"contentUrl\":\"https:\\\/\\\/www.hotel-espace.com\\\/wp-content\\\/uploads\\\/2023\\\/11\\\/1-montclar-2-scaled.jpg\",\"width\":2560,\"height\":1707},{\"@type\":\"BreadcrumbList\",\"@id\":\"https:\\\/\\\/www.hotel-espace.com\\\/sejours-famille-ete\\\/#breadcrumb\",\"itemListElement\":[{\"@type\":\"ListItem\",\"position\":1,\"name\":\"Accueil\",\"item\":\"https:\\\/\\\/www.hotel-espace.com\\\/\"},{\"@type\":\"ListItem\",\"position\":2,\"name\":\"S\u00e9jours famille \u00e9t\u00e9\"}]},{\"@type\":\"WebSite\",\"@id\":\"https:\\\/\\\/www.hotel-espace.com\\\/#website\",\"url\":\"https:\\\/\\\/www.hotel-espace.com\\\/\",\"name\":\"Hotel Espace | H\u00f4tel \u00e0 Montclar\",\"description\":\"\",\"publisher\":{\"@id\":\"https:\\\/\\\/www.hotel-espace.com\\\/#organization\"},\"potentialAction\":[{\"@type\":\"SearchAction\",\"target\":{\"@type\":\"EntryPoint\",\"urlTemplate\":\"https:\\\/\\\/www.hotel-espace.com\\\/?s={search_term_string}\"},\"query-input\":{\"@type\":\"PropertyValueSpecification\",\"valueRequired\":true,\"valueName\":\"search_term_string\"}}],\"inLanguage\":\"en-GB\"},{\"@type\":\"Organization\",\"@id\":\"https:\\\/\\\/www.hotel-espace.com\\\/#organization\",\"name\":\"Hotel Espace | H\u00f4tel \u00e0 Montclar\",\"url\":\"https:\\\/\\\/www.hotel-espace.com\\\/\",\"logo\":{\"@type\":\"ImageObject\",\"inLanguage\":\"en-GB\",\"@id\":\"https:\\\/\\\/www.hotel-espace.com\\\/#\\\/schema\\\/logo\\\/image\\\/\",\"url\":\"https:\\\/\\\/www.hotel-espace.com\\\/wp-content\\\/uploads\\\/2023\\\/09\\\/logo-fond-beige.png\",\"contentUrl\":\"https:\\\/\\\/www.hotel-espace.com\\\/wp-content\\\/uploads\\\/2023\\\/09\\\/logo-fond-beige.png\",\"width\":1000,\"height\":1000,\"caption\":\"Hotel Espace | H\u00f4tel \u00e0 Montclar\"},\"image\":{\"@id\":\"https:\\\/\\\/www.hotel-espace.com\\\/#\\\/schema\\\/logo\\\/image\\\/\"},\"sameAs\":[\"https:\\\/\\\/www.facebook.com\\\/relaismanderen\"]}]}<\/script>\n<!-- \/ Yoast SEO plugin. -->","yoast_head_json":{"title":"Summer family stays | Hotel Espace | Hotel in Montclar","description":"Family stay in Montclar, Espace hotel at the foot of the Montclar les 2 Vall\u00e9es slopes, renovated rooms, wellness spa restaurant","robots":{"index":"index","follow":"follow","max-snippet":"max-snippet:-1","max-image-preview":"max-image-preview:large","max-video-preview":"max-video-preview:-1"},"canonical":"https:\/\/www.hotel-espace.com\/en\/summer-family-stays\/","og_locale":"en_GB","og_type":"article","og_title":"S\u00e9jours famille \u00e9t\u00e9 | Hotel Espace | H\u00f4tel \u00e0 Montclar","og_description":"S\u00e9jour en famille \u00e0 Montclar, h\u00f4tel Espace au pied des pistes de Montclar les 2 vall\u00e9es, chambres r\u00e9nov\u00e9es, restaurant wellness spa","og_url":"https:\/\/www.hotel-espace.com\/en\/summer-family-stays\/","og_site_name":"Hotel Espace | H\u00f4tel \u00e0 Montclar","article_publisher":"https:\/\/www.facebook.com\/relaismanderen","article_modified_time":"2026-04-23T00:30:53+00:00","og_image":[{"width":2560,"height":1707,"url":"https:\/\/www.hotel-espace.com\/wp-content\/uploads\/2023\/11\/1-montclar-2-scaled.jpg","type":"image\/jpeg"}],"schema":{"@context":"https:\/\/schema.org","@graph":[{"@type":"WebPage","@id":"https:\/\/www.hotel-espace.com\/sejours-famille-ete\/","url":"https:\/\/www.hotel-espace.com\/sejours-famille-ete\/","name":"Summer family stays | Hotel Espace | Hotel in Montclar","isPartOf":{"@id":"https:\/\/www.hotel-espace.com\/#website"},"primaryImageOfPage":{"@id":"https:\/\/www.hotel-espace.com\/sejours-famille-ete\/#primaryimage"},"image":{"@id":"https:\/\/www.hotel-espace.com\/sejours-famille-ete\/#primaryimage"},"thumbnailUrl":"https:\/\/www.hotel-espace.com\/wp-content\/uploads\/2023\/11\/1-montclar-2-scaled.jpg","datePublished":"2024-03-13T05:08:38+00:00","dateModified":"2026-04-23T00:30:53+00:00","description":"Family stay in Montclar, Espace hotel at the foot of the Montclar les 2 Vall\u00e9es slopes, renovated rooms, wellness spa restaurant","breadcrumb":{"@id":"https:\/\/www.hotel-espace.com\/sejours-famille-ete\/#breadcrumb"},"inLanguage":"en-GB","potentialAction":[{"@type":"ReadAction","target":["https:\/\/www.hotel-espace.com\/sejours-famille-ete\/"]}]},{"@type":"ImageObject","inLanguage":"en-GB","@id":"https:\/\/www.hotel-espace.com\/sejours-famille-ete\/#primaryimage","url":"https:\/\/www.hotel-espace.com\/wp-content\/uploads\/2023\/11\/1-montclar-2-scaled.jpg","contentUrl":"https:\/\/www.hotel-espace.com\/wp-content\/uploads\/2023\/11\/1-montclar-2-scaled.jpg","width":2560,"height":1707},{"@type":"BreadcrumbList","@id":"https:\/\/www.hotel-espace.com\/sejours-famille-ete\/#breadcrumb","itemListElement":[{"@type":"ListItem","position":1,"name":"Accueil","item":"https:\/\/www.hotel-espace.com\/"},{"@type":"ListItem","position":2,"name":"S\u00e9jours famille \u00e9t\u00e9"}]},{"@type":"WebSite","@id":"https:\/\/www.hotel-espace.com\/#website","url":"https:\/\/www.hotel-espace.com\/","name":"Hotel Espace | Hotel in Montclar","description":"","publisher":{"@id":"https:\/\/www.hotel-espace.com\/#organization"},"potentialAction":[{"@type":"SearchAction","target":{"@type":"EntryPoint","urlTemplate":"https:\/\/www.hotel-espace.com\/?s={search_term_string}"},"query-input":{"@type":"PropertyValueSpecification","valueRequired":true,"valueName":"search_term_string"}}],"inLanguage":"en-GB"},{"@type":"Organization","@id":"https:\/\/www.hotel-espace.com\/#organization","name":"Hotel Espace | Hotel in Montclar","url":"https:\/\/www.hotel-espace.com\/","logo":{"@type":"ImageObject","inLanguage":"en-GB","@id":"https:\/\/www.hotel-espace.com\/#\/schema\/logo\/image\/","url":"https:\/\/www.hotel-espace.com\/wp-content\/uploads\/2023\/09\/logo-fond-beige.png","contentUrl":"https:\/\/www.hotel-espace.com\/wp-content\/uploads\/2023\/09\/logo-fond-beige.png","width":1000,"height":1000,"caption":"Hotel Espace | H\u00f4tel \u00e0 Montclar"},"image":{"@id":"https:\/\/www.hotel-espace.com\/#\/schema\/logo\/image\/"},"sameAs":["https:\/\/www.facebook.com\/relaismanderen"]}]}},"_links":{"self":[{"href":"https:\/\/www.hotel-espace.com\/en\/wp-json\/wp\/v2\/pages\/7888","targetHints":{"allow":["GET"]}}],"collection":[{"href":"https:\/\/www.hotel-espace.com\/en\/wp-json\/wp\/v2\/pages"}],"about":[{"href":"https:\/\/www.hotel-espace.com\/en\/wp-json\/wp\/v2\/types\/page"}],"author":[{"embeddable":true,"href":"https:\/\/www.hotel-espace.com\/en\/wp-json\/wp\/v2\/users\/4"}],"replies":[{"embeddable":true,"href":"https:\/\/www.hotel-espace.com\/en\/wp-json\/wp\/v2\/comments?post=7888"}],"version-history":[{"count":10,"href":"https:\/\/www.hotel-espace.com\/en\/wp-json\/wp\/v2\/pages\/7888\/revisions"}],"predecessor-version":[{"id":8682,"href":"https:\/\/www.hotel-espace.com\/en\/wp-json\/wp\/v2\/pages\/7888\/revisions\/8682"}],"wp:featuredmedia":[{"embeddable":true,"href":"https:\/\/www.hotel-espace.com\/en\/wp-json\/wp\/v2\/media\/7075"}],"wp:attachment":[{"href":"https:\/\/www.hotel-espace.com\/en\/wp-json\/wp\/v2\/media?parent=7888"}],"curies":[{"name":"wp","href":"https:\/\/api.w.org\/{rel}","templated":true}]}}